{"id":1385,"date":"2024-03-04T14:33:03","date_gmt":"2024-03-04T14:33:03","guid":{"rendered":"https:\/\/www.ostersjokontraktet.se\/tietosuojakaytanto\/"},"modified":"2024-05-29T12:51:39","modified_gmt":"2024-05-29T12:51:39","slug":"tietosuojakaytanto","status":"publish","type":"page","link":"https:\/\/www.ostersjokontraktet.se\/fi\/tietosuojakaytanto\/","title":{"rendered":"Tietosuojak\u00e4yt\u00e4nt\u00f6"},"content":{"rendered":"\t\t<div data-elementor-type=\"wp-page\" data-elementor-id=\"1385\" class=\"elementor elementor-1385 elementor-836\">\n\t\t\t\t<div class=\"elementor-element elementor-element-63a4b21 e-flex e-con-boxed e-con e-parent\" data-id=\"63a4b21\" data-element_type=\"container\" data-settings=\"{&quot;background_background&quot;:&quot;classic&quot;}\">\n\t\t\t\t\t<div class=\"e-con-inner\">\n\t\t<div class=\"elementor-element elementor-element-e7f0673 e-con-full e-flex e-con e-child\" data-id=\"e7f0673\" data-element_type=\"container\">\n\t\t\t\t<div class=\"elementor-element elementor-element-e3b7466 elementor-widget elementor-widget-heading\" data-id=\"e3b7466\" data-element_type=\"widget\" data-widget_type=\"heading.default\">\n\t\t\t\t<div class=\"elementor-widget-container\">\n\t\t\t<h2 class=\"elementor-heading-title elementor-size-default\">Henkil\u00f6tietojen k\u00e4sittely\u00e4 koskevat tiedot\nIt\u00e4meren sopimuss\u00e4\u00e4ti\u00f6\n<\/h2>\t\t<\/div>\n\t\t\t\t<\/div>\n\t\t\t\t<div class=\"elementor-element elementor-element-7cd9fc0 elementor-widget elementor-widget-heading\" data-id=\"7cd9fc0\" data-element_type=\"widget\" data-widget_type=\"heading.default\">\n\t\t\t\t<div class=\"elementor-widget-container\">\n\t\t\t<h2 class=\"elementor-heading-title elementor-size-default\">Yleist\u00e4<\/h2>\t\t<\/div>\n\t\t\t\t<\/div>\n\t\t\t\t<div class=\"elementor-element elementor-element-596ec53 elementor-widget elementor-widget-text-editor\" data-id=\"596ec53\" data-element_type=\"widget\" data-widget_type=\"text-editor.default\">\n\t\t\t\t<div class=\"elementor-widget-container\">\n\t\t\t\t\t\t\t<p>Seuraavassa kuvataan, miten s\u00e4\u00e4ti\u00f6 k\u00e4sittelee henkil\u00f6tietojasi, kun vierailet verkkosivustollamme, k\u00e4yt\u00e4t palveluitamme tai kun k\u00e4sittelemme tietojasi muulla tavoin.<\/p>\n\t\t\t\t\t\t<\/div>\n\t\t\t\t<\/div>\n\t\t\t\t<div class=\"elementor-element elementor-element-bb82789 elementor-widget elementor-widget-heading\" data-id=\"bb82789\" data-element_type=\"widget\" data-widget_type=\"heading.default\">\n\t\t\t\t<div class=\"elementor-widget-container\">\n\t\t\t<h2 class=\"elementor-heading-title elementor-size-default\">Rekisterinpit\u00e4j\u00e4<\/h2>\t\t<\/div>\n\t\t\t\t<\/div>\n\t\t\t\t<div class=\"elementor-element elementor-element-93602ea elementor-widget elementor-widget-text-editor\" data-id=\"93602ea\" data-element_type=\"widget\" data-widget_type=\"text-editor.default\">\n\t\t\t\t<div class=\"elementor-widget-container\">\n\t\t\t\t\t\t\t<p>It\u00e4meri-sopimuss\u00e4\u00e4ti\u00f6 on rekisterinpit\u00e4j\u00e4, joka k\u00e4sittelee henkil\u00f6tietojasi palvelujen tarjoamisen yhteydess\u00e4. Tavoitat meid\u00e4t seuraavasti:<\/p>\n<p>It\u00e4meren sopimuss\u00e4\u00e4ti\u00f6n varainkeruus\u00e4\u00e4ti\u00f6<br \/>c\/o Expedition Baltic Sea AB, \u00d6rlogsv\u00e4gen 11, 111 49 Tukholma.<br \/><a href=\"mailto:info@ostersjokontraktet.se\"><b>info@ostersjokontraktet.se  <\/b><\/a><\/p>\n\t\t\t\t\t\t<\/div>\n\t\t\t\t<\/div>\n\t\t\t\t<div class=\"elementor-element elementor-element-25309c7 elementor-widget elementor-widget-heading\" data-id=\"25309c7\" data-element_type=\"widget\" data-widget_type=\"heading.default\">\n\t\t\t\t<div class=\"elementor-widget-container\">\n\t\t\t<h2 class=\"elementor-heading-title elementor-size-default\">Miten ker\u00e4\u00e4mme tietojasi?<\/h2>\t\t<\/div>\n\t\t\t\t<\/div>\n\t\t\t\t<div class=\"elementor-element elementor-element-2c2b51d elementor-widget elementor-widget-heading\" data-id=\"2c2b51d\" data-element_type=\"widget\" data-widget_type=\"heading.default\">\n\t\t\t\t<div class=\"elementor-widget-container\">\n\t\t\t<h5 class=\"elementor-heading-title elementor-size-default\">Urakoitsijoille<\/h5>\t\t<\/div>\n\t\t\t\t<\/div>\n\t\t\t\t<div class=\"elementor-element elementor-element-0bec17a elementor-widget elementor-widget-text-editor\" data-id=\"0bec17a\" data-element_type=\"widget\" data-widget_type=\"text-editor.default\">\n\t\t\t\t<div class=\"elementor-widget-container\">\n\t\t\t\t\t\t\t<p>Ker\u00e4\u00e4mme s\u00e4hk\u00f6postiosoitteen ja joitakin karkean profiloinnin tietoja, kuten ik\u00e4haarukan, sukupuolen ja postinumeron.<br \/>T\u00e4m\u00e4 perustuu oikeutettujen etujemme tasapainottamiseen, sill\u00e4 oikeutettujen etujemme tarkoituksena on harjoittaa It\u00e4meren ymp\u00e4rist\u00f6\u00e4 koskevaa edunvalvontaa ja mielipiteenmuodostusta sek\u00e4 l\u00e4hett\u00e4\u00e4 uutiskirjeit\u00e4, joita sin\u00e4 sopimuksen allekirjoittajana pyyd\u00e4t.<\/p>\n<p>Jos et en\u00e4\u00e4 halua vastaanottaa uutiskirjeit\u00e4mme, voit ilmoittaa siit\u00e4 uutiskirjeess\u00e4 olevan linkin kautta tai l\u00e4hett\u00e4m\u00e4ll\u00e4 viestin osoitteeseen <a href=\"mailto:info@ostersjokontraktet.se\"><br \/>\n  <b>info@ostersjokontraktet.se<\/b><br \/>\n<\/a><br \/>Jos haluat, ett\u00e4 henkil\u00f6tietosi poistetaan tietokannastamme, ota yhteytt\u00e4 osoitteeseen <a href=\"mailto:info@ostersjokontraktet.se\"><br \/>\n  <b>info@ostersjokontraktet.se <\/b><br \/>\n<\/a> <\/p>\n\t\t\t\t\t\t<\/div>\n\t\t\t\t<\/div>\n\t\t\t\t<div class=\"elementor-element elementor-element-6cfb40a elementor-widget elementor-widget-heading\" data-id=\"6cfb40a\" data-element_type=\"widget\" data-widget_type=\"heading.default\">\n\t\t\t\t<div class=\"elementor-widget-container\">\n\t\t\t<h5 class=\"elementor-heading-title elementor-size-default\">Verkkosivuston k\u00e4vij\u00f6ille<\/h5>\t\t<\/div>\n\t\t\t\t<\/div>\n\t\t\t\t<div class=\"elementor-element elementor-element-b65cd83 elementor-widget elementor-widget-text-editor\" data-id=\"b65cd83\" data-element_type=\"widget\" data-widget_type=\"text-editor.default\">\n\t\t\t\t<div class=\"elementor-widget-container\">\n\t\t\t\t\t\t\t<p>Katso &#8221;Ev\u00e4steet&#8221; alla.<\/p>\n\t\t\t\t\t\t<\/div>\n\t\t\t\t<\/div>\n\t\t\t\t<div class=\"elementor-element elementor-element-8d913f3 elementor-widget elementor-widget-heading\" data-id=\"8d913f3\" data-element_type=\"widget\" data-widget_type=\"heading.default\">\n\t\t\t\t<div class=\"elementor-widget-container\">\n\t\t\t<h2 class=\"elementor-heading-title elementor-size-default\">Ev\u00e4steet<\/h2>\t\t<\/div>\n\t\t\t\t<\/div>\n\t\t\t\t<div class=\"elementor-element elementor-element-ec0062d elementor-widget elementor-widget-text-editor\" data-id=\"ec0062d\" data-element_type=\"widget\" data-widget_type=\"text-editor.default\">\n\t\t\t\t<div class=\"elementor-widget-container\">\n\t\t\t\t\t\t\tJos j\u00e4t\u00e4t kommentin verkkosivustollamme, voit valita, tallennetaanko nimesi, s\u00e4hk\u00f6postiosoitteesi ja verkkosivustosi ev\u00e4steisiin. N\u00e4m\u00e4 ovat k\u00e4tevi\u00e4, jotta sinun ei tarvitse t\u00e4ytt\u00e4\u00e4 tietojasi uudelleen, kun j\u00e4t\u00e4t uuden kommentin. N\u00e4m\u00e4 keksit s\u00e4ilyv\u00e4t vuoden ajan.\n<br><br>\nJos k\u00e4yt kirjautumissivullamme, asetamme v\u00e4liaikaisen ev\u00e4steen m\u00e4\u00e4ritt\u00e4\u00e4ksemme, hyv\u00e4ksyyk\u00f6 selaimesi ev\u00e4steet. T\u00e4m\u00e4 ev\u00e4ste ei sis\u00e4ll\u00e4 henkil\u00f6tietoja, ja se h\u00e4vi\u00e4\u00e4, kun suljet selaimesi.\n<br><br>\nKun kirjaudut sis\u00e4\u00e4n, luomme my\u00f6s useita ev\u00e4steit\u00e4 tallentaaksemme kirjautumistietosi ja n\u00e4yt\u00f6n n\u00e4ytt\u00f6valintasi. Kirjautumisev\u00e4steet s\u00e4ilyv\u00e4t kaksi p\u00e4iv\u00e4\u00e4 ja n\u00e4ytt\u00f6asetusten ev\u00e4steet yhden vuoden. Jos valitset &#8221;Muista minut&#8221;, kirjautumistietosi s\u00e4ilytet\u00e4\u00e4n kahden viikon ajan. Jos kirjaudut ulos tililt\u00e4si, kirjautumisev\u00e4steet poistetaan.<br><br>\n\nJos muokkaat tai julkaiset artikkelin, selaimeesi tallennetaan toinen ev\u00e4ste. T\u00e4m\u00e4 ev\u00e4ste ei sis\u00e4ll\u00e4 henkil\u00f6kohtaisia tietoja, ja se ilmoittaa vain juuri muokkaamasi artikkelin postitustunnuksen. Se vanhenee 1 p\u00e4iv\u00e4n kuluttua.\t\t\t\t\t\t<\/div>\n\t\t\t\t<\/div>\n\t\t\t\t<div class=\"elementor-element elementor-element-5d26911 elementor-widget elementor-widget-heading\" data-id=\"5d26911\" data-element_type=\"widget\" data-widget_type=\"heading.default\">\n\t\t\t\t<div class=\"elementor-widget-container\">\n\t\t\t<h2 class=\"elementor-heading-title elementor-size-default\">Kuinka kauan s\u00e4ilyt\u00e4mme tietojasi?<\/h2>\t\t<\/div>\n\t\t\t\t<\/div>\n\t\t\t\t<div class=\"elementor-element elementor-element-ae415d4 elementor-widget elementor-widget-text-editor\" data-id=\"ae415d4\" data-element_type=\"widget\" data-widget_type=\"text-editor.default\">\n\t\t\t\t<div class=\"elementor-widget-container\">\n\t\t\t\t\t\t\t<p>Liiketoimintamme on pitk\u00e4aikaista, ja s\u00e4ilyt\u00e4mme henkil\u00f6tietoja niin kauan kuin sopimuksemme hy\u00f6dytt\u00e4\u00e4 It\u00e4merta. Jos henkil\u00f6tiedot osoittautuvat toimintamme kannalta merkityksett\u00f6miksi, ne poistetaan.<\/p>\n\t\t\t\t\t\t<\/div>\n\t\t\t\t<\/div>\n\t\t\t\t<div class=\"elementor-element elementor-element-d597a78 elementor-widget elementor-widget-heading\" data-id=\"d597a78\" data-element_type=\"widget\" data-widget_type=\"heading.default\">\n\t\t\t\t<div class=\"elementor-widget-container\">\n\t\t\t<h2 class=\"elementor-heading-title elementor-size-default\">Kenen kanssa jaamme tietojasi?<\/h2>\t\t<\/div>\n\t\t\t\t<\/div>\n\t\t\t\t<div class=\"elementor-element elementor-element-39dd260 elementor-widget elementor-widget-text-editor\" data-id=\"39dd260\" data-element_type=\"widget\" data-widget_type=\"text-editor.default\">\n\t\t\t\t<div class=\"elementor-widget-container\">\n\t\t\t\t\t\t\t<p>Saatamme jakaa henkil\u00f6tietojasi IT-palveluntarjoajille osana kehitysty\u00f6t\u00e4mme. T\u00e4m\u00e4n j\u00e4lkeen varmistamme, ett\u00e4 asianmukaiset tietojenk\u00e4sittelysopimukset ovat voimassa.<\/p>\n\t\t\t\t\t\t<\/div>\n\t\t\t\t<\/div>\n\t\t\t\t<div class=\"elementor-element elementor-element-12c1131 elementor-widget elementor-widget-heading\" data-id=\"12c1131\" data-element_type=\"widget\" data-widget_type=\"heading.default\">\n\t\t\t\t<div class=\"elementor-widget-container\">\n\t\t\t<h2 class=\"elementor-heading-title elementor-size-default\">Miss\u00e4 k\u00e4sittelemme tietojasi?<\/h2>\t\t<\/div>\n\t\t\t\t<\/div>\n\t\t\t\t<div class=\"elementor-element elementor-element-621448b elementor-widget elementor-widget-text-editor\" data-id=\"621448b\" data-element_type=\"widget\" data-widget_type=\"text-editor.default\">\n\t\t\t\t<div class=\"elementor-widget-container\">\n\t\t\t\t\t\t\t<p>Pyrimme aina k\u00e4sittelem\u00e4\u00e4n henkil\u00f6tietojasi EU\/ETA-alueella. Tietyiss\u00e4 tilanteissa, kuten silloin, kun jaamme tietojasi esimerkiksi EU:n\/ETA:n ulkopuolella toimivan IT-palveluntarjoajan kanssa, henkil\u00f6tietojasi voidaan kuitenkin k\u00e4sitell\u00e4 EU:n\/ETA:n ulkopuolella. Jos ja kun tietojasi k\u00e4sitell\u00e4\u00e4n EU:n\/ETA:n ulkopuolella, varmistamme, ett\u00e4 tietosuojan taso on riitt\u00e4v\u00e4 ja ett\u00e4 k\u00e4yt\u00f6ss\u00e4 on asianmukaiset suojatoimet (esimerkiksi k\u00e4ytt\u00e4m\u00e4ll\u00e4 Euroopan komission vakiosopimuslausekkeita).  <\/p>\n\t\t\t\t\t\t<\/div>\n\t\t\t\t<\/div>\n\t\t\t\t<div class=\"elementor-element elementor-element-bf44dba elementor-widget elementor-widget-heading\" data-id=\"bf44dba\" data-element_type=\"widget\" data-widget_type=\"heading.default\">\n\t\t\t\t<div class=\"elementor-widget-container\">\n\t\t\t<h2 class=\"elementor-heading-title elementor-size-default\">Oikeutesi rekister\u00f6ityn\u00e4<\/h2>\t\t<\/div>\n\t\t\t\t<\/div>\n\t\t\t\t<div class=\"elementor-element elementor-element-b40ba66 elementor-widget elementor-widget-text-editor\" data-id=\"b40ba66\" data-element_type=\"widget\" data-widget_type=\"text-editor.default\">\n\t\t\t\t<div class=\"elementor-widget-container\">\n\t\t\t\t\t\t\t<p>Rekister\u00f6ityn\u00e4 sinulla on tiettyj\u00e4 oikeuksia henkil\u00f6tietojesi k\u00e4sittelyyn liittyen. Jos haluat k\u00e4ytt\u00e4\u00e4 jotakin niist\u00e4, ota meihin yhteytt\u00e4 osoitteessa <a href=\"info@ostersjokontraktet.se\">info@ostersjokontraktet.se<\/a>.<\/p>\n<ul>\n<li>Oikeus tutustua tietoihin: Sinulla on oikeus saada tietoa siit\u00e4, mit\u00e4 henkil\u00f6tietoja k\u00e4sittelemme sinusta, mukaan lukien k\u00e4sittelyn tarkoitus ja k\u00e4sittelyn oikeusperusta.<\/li>\n<li>Oikeus oikaisuun\/korjaukseen: Jos uskot, ett\u00e4 k\u00e4sittelemme virheellisi\u00e4 henkil\u00f6tietojasi, voit pyyt\u00e4\u00e4 meit\u00e4 korjaamaan ne.<\/li>\n<li>Oikeus k\u00e4sittelyn rajoittamiseen: Voit pyyt\u00e4\u00e4, ett\u00e4 rajoitamme henkil\u00f6tietojesi k\u00e4sittely\u00e4. T\u00e4m\u00e4 voi olla t\u00e4rke\u00e4\u00e4 esimerkiksi silloin, jos meill\u00e4 on virheellisi\u00e4 tietoja sinusta ja et halua, ett\u00e4 k\u00e4sittely\u00e4 jatketaan, kunnes olemme korjanneet tiedot.<\/li>\n<li>Oikeus tietojen poistamiseen \/ oikeus tulla unohdetuksi: Voit pyyt\u00e4\u00e4 meit\u00e4 poistamaan henkil\u00f6tietosi. Vaikka noudatamme t\u00e4llaista pyynt\u00f6\u00e4 sovellettavan lain edellytt\u00e4m\u00e4ss\u00e4 laajuudessa, huomaa, ett\u00e4 pyynn\u00f6st\u00e4si huolimatta saatamme jatkaa tiettyjen tietojen k\u00e4sittely\u00e4 (esimerkiksi sellaisten tietojen k\u00e4sittely\u00e4, jotka meid\u00e4n on s\u00e4ilytett\u00e4v\u00e4 oikeudellisten etujemme suojaamiseksi tai joiden s\u00e4ilytt\u00e4mist\u00e4 laki edellytt\u00e4\u00e4).<\/li>\n<li>Vastustamisoikeus: Kun henkil\u00f6tietojen k\u00e4sittely perustuu oikeutettuun etuun, sinulla on oikeus vastustaa henkil\u00f6tietojesi k\u00e4ytt\u00f6\u00e4. Jos yksityisyyden suojaan liittyv\u00e4t etusi ovat t\u00e4rke\u00e4mpi\u00e4 kuin meid\u00e4n etumme tiettyjen tietojen k\u00e4sittelyss\u00e4, lopetamme kyseisten tietojen k\u00e4sittelyn.<\/li>\n<li>Oikeus tietojen siirrett\u00e4vyyteen: Sinulla voi my\u00f6s olla oikeus saada meille antamasi henkil\u00f6tiedot j\u00e4sennellyss\u00e4, yleisesti hyv\u00e4ksytyss\u00e4 ja koneellisesti luettavassa muodossa sek\u00e4 oikeus siirt\u00e4\u00e4 tiedot toiselle rekisterinpit\u00e4j\u00e4lle.<\/li>\n<\/ul>\n\t\t\t\t\t\t<\/div>\n\t\t\t\t<\/div>\n\t\t\t\t<div class=\"elementor-element elementor-element-275a8e8 elementor-widget elementor-widget-heading\" data-id=\"275a8e8\" data-element_type=\"widget\" data-widget_type=\"heading.default\">\n\t\t\t\t<div class=\"elementor-widget-container\">\n\t\t\t<h2 class=\"elementor-heading-title elementor-size-default\">Haluatko tiet\u00e4\u00e4 lis\u00e4\u00e4?<\/h2>\t\t<\/div>\n\t\t\t\t<\/div>\n\t\t\t\t<div class=\"elementor-element elementor-element-607b751 elementor-widget elementor-widget-text-editor\" data-id=\"607b751\" data-element_type=\"widget\" data-widget_type=\"text-editor.default\">\n\t\t\t\t<div class=\"elementor-widget-container\">\n\t\t\t\t\t\t\t<p>Jos sinulla on kysytt\u00e4v\u00e4\u00e4 henkil\u00f6tietojesi k\u00e4sittelyst\u00e4, voit ottaa meihin yhteytt\u00e4 osoitteeseen<strong> <a href=\"mailto:info@ostersjokontraktet.se\">info@ostersjokontraktet.se<\/a><\/strong>.<\/p>\n\t\t\t\t\t\t<\/div>\n\t\t\t\t<\/div>\n\t\t\t\t<div class=\"elementor-element elementor-element-8ae068b elementor-widget elementor-widget-heading\" data-id=\"8ae068b\" data-element_type=\"widget\" data-widget_type=\"heading.default\">\n\t\t\t\t<div class=\"elementor-widget-container\">\n\t\t\t<h2 class=\"elementor-heading-title elementor-size-default\">Jos et ole tyytyv\u00e4inen meihin<\/h2>\t\t<\/div>\n\t\t\t\t<\/div>\n\t\t\t\t<div class=\"elementor-element elementor-element-514adbf elementor-widget elementor-widget-text-editor\" data-id=\"514adbf\" data-element_type=\"widget\" data-widget_type=\"text-editor.default\">\n\t\t\t\t<div class=\"elementor-widget-container\">\n\t\t\t\t\t\t\t<p>Jos et ole tyytyv\u00e4inen tapaan, jolla k\u00e4sittelemme henkil\u00f6tietojasi, voit ottaa yhteytt\u00e4 tietosuojavastaavaamme osoitteessa <a href=\"mailto:info@ostersjokontraktet.se\">info@ostersjokontraktet.se<\/a>. Voit my\u00f6s ottaa yhteytt\u00e4 Ruotsin tietosuojaviranomaiseen (Integritetsskyddsmyndigheten, <a href=\"http:\/\/www.imy.se\">www.imy.se,<\/a> <a href=\"mailto:imy@imy.se\">imy@imy.se)<\/a>.<\/p>\n<p>N\u00e4m\u00e4 tiedot ovat voimassa 1. maaliskuuta 2024 alkaen.<\/p>\n\t\t\t\t\t\t<\/div>\n\t\t\t\t<\/div>\n\t\t\t\t<\/div>\n\t\t\t\t\t<\/div>\n\t\t\t\t<\/div>\n\t\t\t\t<\/div>\n\t\t","protected":false},"excerpt":{"rendered":"<p>Henkil\u00f6tietojen k\u00e4sittely\u00e4 koskevat tiedot It\u00e4meren sopimuss\u00e4\u00e4ti\u00f6 Yleist\u00e4 Seuraavassa kuvataan, miten s\u00e4\u00e4ti\u00f6 k\u00e4sittelee henkil\u00f6tietojasi, kun vierailet verkkosivustollamme, k\u00e4yt\u00e4t palveluitamme tai kun k\u00e4sittelemme tietojasi muulla tavoin. Rekisterinpit\u00e4j\u00e4 It\u00e4meri-sopimuss\u00e4\u00e4ti\u00f6 on rekisterinpit\u00e4j\u00e4, joka k\u00e4sittelee henkil\u00f6tietojasi palvelujen tarjoamisen yhteydess\u00e4. Tavoitat meid\u00e4t seuraavasti: It\u00e4meren sopimuss\u00e4\u00e4ti\u00f6n varainkeruus\u00e4\u00e4ti\u00f6c\/o Expedition Baltic Sea AB, \u00d6rlogsv\u00e4gen 11, 111 49 Tukholma.info@ostersjokontraktet.se Miten ker\u00e4\u00e4mme tietojasi? Urakoitsijoille Ker\u00e4\u00e4mme s\u00e4hk\u00f6postiosoitteen [&hellip;]<\/p>\n","protected":false},"author":4,"featured_media":0,"parent":0,"menu_order":0,"comment_status":"closed","ping_status":"closed","template":"","meta":{"footnotes":""},"class_list":["post-1385","page","type-page","status-publish","hentry"],"yoast_head":"<!-- This site is optimized with the Yoast SEO plugin v27.2 - https:\/\/yoast.com\/product\/yoast-seo-wordpress\/ -->\n<title>Tietosuojak\u00e4yt\u00e4nt\u00f6 - \u00d6stersj\u00f6kontraktet<\/title>\n<meta name=\"robots\" content=\"index, follow, max-snippet:-1, max-image-preview:large, max-video-preview:-1\" \/>\n<link rel=\"canonical\" href=\"https:\/\/www.ostersjokontraktet.se\/fi\/tietosuojakaytanto\/\" \/>\n<meta property=\"og:locale\" content=\"fi_FI\" \/>\n<meta property=\"og:type\" content=\"article\" \/>\n<meta property=\"og:title\" content=\"Tietosuojak\u00e4yt\u00e4nt\u00f6 - \u00d6stersj\u00f6kontraktet\" \/>\n<meta property=\"og:description\" content=\"Henkil\u00f6tietojen k\u00e4sittely\u00e4 koskevat tiedot It\u00e4meren sopimuss\u00e4\u00e4ti\u00f6 Yleist\u00e4 Seuraavassa kuvataan, miten s\u00e4\u00e4ti\u00f6 k\u00e4sittelee henkil\u00f6tietojasi, kun vierailet verkkosivustollamme, k\u00e4yt\u00e4t palveluitamme tai kun k\u00e4sittelemme tietojasi muulla tavoin. Rekisterinpit\u00e4j\u00e4 It\u00e4meri-sopimuss\u00e4\u00e4ti\u00f6 on rekisterinpit\u00e4j\u00e4, joka k\u00e4sittelee henkil\u00f6tietojasi palvelujen tarjoamisen yhteydess\u00e4. Tavoitat meid\u00e4t seuraavasti: It\u00e4meren sopimuss\u00e4\u00e4ti\u00f6n varainkeruus\u00e4\u00e4ti\u00f6c\/o Expedition Baltic Sea AB, \u00d6rlogsv\u00e4gen 11, 111 49 Tukholma.info@ostersjokontraktet.se Miten ker\u00e4\u00e4mme tietojasi? Urakoitsijoille Ker\u00e4\u00e4mme s\u00e4hk\u00f6postiosoitteen [&hellip;]\" \/>\n<meta property=\"og:url\" content=\"https:\/\/www.ostersjokontraktet.se\/fi\/tietosuojakaytanto\/\" \/>\n<meta property=\"og:site_name\" content=\"\u00d6stersj\u00f6kontraktet\" \/>\n<meta property=\"article:modified_time\" content=\"2024-05-29T12:51:39+00:00\" \/>\n<meta name=\"twitter:card\" content=\"summary_large_image\" \/>\n<meta name=\"twitter:label1\" content=\"Arvioitu lukuaika\" \/>\n\t<meta name=\"twitter:data1\" content=\"4 minuuttia\" \/>\n<script type=\"application\/ld+json\" class=\"yoast-schema-graph\">{\"@context\":\"https:\/\/schema.org\",\"@graph\":[{\"@type\":\"WebPage\",\"@id\":\"https:\/\/www.ostersjokontraktet.se\/fi\/tietosuojakaytanto\/\",\"url\":\"https:\/\/www.ostersjokontraktet.se\/fi\/tietosuojakaytanto\/\",\"name\":\"Tietosuojak\u00e4yt\u00e4nt\u00f6 - \u00d6stersj\u00f6kontraktet\",\"isPartOf\":{\"@id\":\"https:\/\/www.ostersjokontraktet.se\/fi\/#website\"},\"datePublished\":\"2024-03-04T14:33:03+00:00\",\"dateModified\":\"2024-05-29T12:51:39+00:00\",\"breadcrumb\":{\"@id\":\"https:\/\/www.ostersjokontraktet.se\/fi\/tietosuojakaytanto\/#breadcrumb\"},\"inLanguage\":\"fi\",\"potentialAction\":[{\"@type\":\"ReadAction\",\"target\":[\"https:\/\/www.ostersjokontraktet.se\/fi\/tietosuojakaytanto\/\"]}]},{\"@type\":\"BreadcrumbList\",\"@id\":\"https:\/\/www.ostersjokontraktet.se\/fi\/tietosuojakaytanto\/#breadcrumb\",\"itemListElement\":[{\"@type\":\"ListItem\",\"position\":1,\"name\":\"Home\",\"item\":\"https:\/\/www.ostersjokontraktet.se\/fi\/etusivu\/\"},{\"@type\":\"ListItem\",\"position\":2,\"name\":\"Tietosuojak\u00e4yt\u00e4nt\u00f6\"}]},{\"@type\":\"WebSite\",\"@id\":\"https:\/\/www.ostersjokontraktet.se\/fi\/#website\",\"url\":\"https:\/\/www.ostersjokontraktet.se\/fi\/\",\"name\":\"\u00d6stersj\u00f6kontraktet\",\"description\":\"\",\"publisher\":{\"@id\":\"https:\/\/www.ostersjokontraktet.se\/fi\/#organization\"},\"potentialAction\":[{\"@type\":\"SearchAction\",\"target\":{\"@type\":\"EntryPoint\",\"urlTemplate\":\"https:\/\/www.ostersjokontraktet.se\/fi\/?s={search_term_string}\"},\"query-input\":{\"@type\":\"PropertyValueSpecification\",\"valueRequired\":true,\"valueName\":\"search_term_string\"}}],\"inLanguage\":\"fi\"},{\"@type\":\"Organization\",\"@id\":\"https:\/\/www.ostersjokontraktet.se\/fi\/#organization\",\"name\":\"\u00d6stersj\u00f6kontraktet\",\"url\":\"https:\/\/www.ostersjokontraktet.se\/fi\/\",\"logo\":{\"@type\":\"ImageObject\",\"inLanguage\":\"fi\",\"@id\":\"https:\/\/www.ostersjokontraktet.se\/fi\/#\/schema\/logo\/image\/\",\"url\":\"https:\/\/www.ostersjokontraktet.se\/wp-content\/uploads\/2023\/12\/cropped-Ostersjokontraktet_primar-logga_CMYK.png\",\"contentUrl\":\"https:\/\/www.ostersjokontraktet.se\/wp-content\/uploads\/2023\/12\/cropped-Ostersjokontraktet_primar-logga_CMYK.png\",\"width\":1000,\"height\":707,\"caption\":\"\u00d6stersj\u00f6kontraktet\"},\"image\":{\"@id\":\"https:\/\/www.ostersjokontraktet.se\/fi\/#\/schema\/logo\/image\/\"}}]}<\/script>\n<!-- \/ Yoast SEO plugin. -->","yoast_head_json":{"title":"Tietosuojak\u00e4yt\u00e4nt\u00f6 - \u00d6stersj\u00f6kontraktet","robots":{"index":"index","follow":"follow","max-snippet":"max-snippet:-1","max-image-preview":"max-image-preview:large","max-video-preview":"max-video-preview:-1"},"canonical":"https:\/\/www.ostersjokontraktet.se\/fi\/tietosuojakaytanto\/","og_locale":"fi_FI","og_type":"article","og_title":"Tietosuojak\u00e4yt\u00e4nt\u00f6 - \u00d6stersj\u00f6kontraktet","og_description":"Henkil\u00f6tietojen k\u00e4sittely\u00e4 koskevat tiedot It\u00e4meren sopimuss\u00e4\u00e4ti\u00f6 Yleist\u00e4 Seuraavassa kuvataan, miten s\u00e4\u00e4ti\u00f6 k\u00e4sittelee henkil\u00f6tietojasi, kun vierailet verkkosivustollamme, k\u00e4yt\u00e4t palveluitamme tai kun k\u00e4sittelemme tietojasi muulla tavoin. Rekisterinpit\u00e4j\u00e4 It\u00e4meri-sopimuss\u00e4\u00e4ti\u00f6 on rekisterinpit\u00e4j\u00e4, joka k\u00e4sittelee henkil\u00f6tietojasi palvelujen tarjoamisen yhteydess\u00e4. Tavoitat meid\u00e4t seuraavasti: It\u00e4meren sopimuss\u00e4\u00e4ti\u00f6n varainkeruus\u00e4\u00e4ti\u00f6c\/o Expedition Baltic Sea AB, \u00d6rlogsv\u00e4gen 11, 111 49 Tukholma.info@ostersjokontraktet.se Miten ker\u00e4\u00e4mme tietojasi? Urakoitsijoille Ker\u00e4\u00e4mme s\u00e4hk\u00f6postiosoitteen [&hellip;]","og_url":"https:\/\/www.ostersjokontraktet.se\/fi\/tietosuojakaytanto\/","og_site_name":"\u00d6stersj\u00f6kontraktet","article_modified_time":"2024-05-29T12:51:39+00:00","twitter_card":"summary_large_image","twitter_misc":{"Arvioitu lukuaika":"4 minuuttia"},"schema":{"@context":"https:\/\/schema.org","@graph":[{"@type":"WebPage","@id":"https:\/\/www.ostersjokontraktet.se\/fi\/tietosuojakaytanto\/","url":"https:\/\/www.ostersjokontraktet.se\/fi\/tietosuojakaytanto\/","name":"Tietosuojak\u00e4yt\u00e4nt\u00f6 - \u00d6stersj\u00f6kontraktet","isPartOf":{"@id":"https:\/\/www.ostersjokontraktet.se\/fi\/#website"},"datePublished":"2024-03-04T14:33:03+00:00","dateModified":"2024-05-29T12:51:39+00:00","breadcrumb":{"@id":"https:\/\/www.ostersjokontraktet.se\/fi\/tietosuojakaytanto\/#breadcrumb"},"inLanguage":"fi","potentialAction":[{"@type":"ReadAction","target":["https:\/\/www.ostersjokontraktet.se\/fi\/tietosuojakaytanto\/"]}]},{"@type":"BreadcrumbList","@id":"https:\/\/www.ostersjokontraktet.se\/fi\/tietosuojakaytanto\/#breadcrumb","itemListElement":[{"@type":"ListItem","position":1,"name":"Home","item":"https:\/\/www.ostersjokontraktet.se\/fi\/etusivu\/"},{"@type":"ListItem","position":2,"name":"Tietosuojak\u00e4yt\u00e4nt\u00f6"}]},{"@type":"WebSite","@id":"https:\/\/www.ostersjokontraktet.se\/fi\/#website","url":"https:\/\/www.ostersjokontraktet.se\/fi\/","name":"\u00d6stersj\u00f6kontraktet","description":"","publisher":{"@id":"https:\/\/www.ostersjokontraktet.se\/fi\/#organization"},"potentialAction":[{"@type":"SearchAction","target":{"@type":"EntryPoint","urlTemplate":"https:\/\/www.ostersjokontraktet.se\/fi\/?s={search_term_string}"},"query-input":{"@type":"PropertyValueSpecification","valueRequired":true,"valueName":"search_term_string"}}],"inLanguage":"fi"},{"@type":"Organization","@id":"https:\/\/www.ostersjokontraktet.se\/fi\/#organization","name":"\u00d6stersj\u00f6kontraktet","url":"https:\/\/www.ostersjokontraktet.se\/fi\/","logo":{"@type":"ImageObject","inLanguage":"fi","@id":"https:\/\/www.ostersjokontraktet.se\/fi\/#\/schema\/logo\/image\/","url":"https:\/\/www.ostersjokontraktet.se\/wp-content\/uploads\/2023\/12\/cropped-Ostersjokontraktet_primar-logga_CMYK.png","contentUrl":"https:\/\/www.ostersjokontraktet.se\/wp-content\/uploads\/2023\/12\/cropped-Ostersjokontraktet_primar-logga_CMYK.png","width":1000,"height":707,"caption":"\u00d6stersj\u00f6kontraktet"},"image":{"@id":"https:\/\/www.ostersjokontraktet.se\/fi\/#\/schema\/logo\/image\/"}}]}},"_links":{"self":[{"href":"https:\/\/www.ostersjokontraktet.se\/fi\/wp-json\/wp\/v2\/pages\/1385","targetHints":{"allow":["GET"]}}],"collection":[{"href":"https:\/\/www.ostersjokontraktet.se\/fi\/wp-json\/wp\/v2\/pages"}],"about":[{"href":"https:\/\/www.ostersjokontraktet.se\/fi\/wp-json\/wp\/v2\/types\/page"}],"author":[{"embeddable":true,"href":"https:\/\/www.ostersjokontraktet.se\/fi\/wp-json\/wp\/v2\/users\/4"}],"replies":[{"embeddable":true,"href":"https:\/\/www.ostersjokontraktet.se\/fi\/wp-json\/wp\/v2\/comments?post=1385"}],"version-history":[{"count":7,"href":"https:\/\/www.ostersjokontraktet.se\/fi\/wp-json\/wp\/v2\/pages\/1385\/revisions"}],"predecessor-version":[{"id":1888,"href":"https:\/\/www.ostersjokontraktet.se\/fi\/wp-json\/wp\/v2\/pages\/1385\/revisions\/1888"}],"wp:attachment":[{"href":"https:\/\/www.ostersjokontraktet.se\/fi\/wp-json\/wp\/v2\/media?parent=1385"}],"curies":[{"name":"wp","href":"https:\/\/api.w.org\/{rel}","templated":true}]}}