{"id":1336,"date":"2023-12-19T11:26:45","date_gmt":"2023-12-19T11:26:45","guid":{"rendered":"https:\/\/www.ostersjokontraktet.se\/ota-yhteytta\/"},"modified":"2025-02-19T07:58:09","modified_gmt":"2025-02-19T07:58:09","slug":"ota-yhteytta","status":"publish","type":"page","link":"https:\/\/www.ostersjokontraktet.se\/fi\/ota-yhteytta\/","title":{"rendered":"Ota yhteytt\u00e4"},"content":{"rendered":"\t\t<div data-elementor-type=\"wp-page\" data-elementor-id=\"1336\" class=\"elementor elementor-1336 elementor-101\">\n\t\t\t\t<div class=\"elementor-element elementor-element-3f59a2c e-flex e-con-boxed e-con e-parent\" data-id=\"3f59a2c\" data-element_type=\"container\">\n\t\t\t\t\t<div class=\"e-con-inner\">\n\t\t<div class=\"elementor-element elementor-element-fe729fd e-con-full e-flex e-con e-child\" data-id=\"fe729fd\" data-element_type=\"container\">\n\t\t<div class=\"elementor-element elementor-element-b28d74e e-con-full e-flex e-con e-child\" data-id=\"b28d74e\" data-element_type=\"container\">\n\t\t<div class=\"elementor-element elementor-element-0ee95a8 e-con-full e-flex e-con e-child\" data-id=\"0ee95a8\" data-element_type=\"container\">\n\t\t\t\t<div class=\"elementor-element elementor-element-3c53f10 elementor-widget elementor-widget-heading\" data-id=\"3c53f10\" data-element_type=\"widget\" data-widget_type=\"heading.default\">\n\t\t\t\t<div class=\"elementor-widget-container\">\n\t\t\t<h2 class=\"elementor-heading-title elementor-size-default\">Onko sinulla kysytt\u00e4v\u00e4\u00e4?<\/h2>\t\t<\/div>\n\t\t\t\t<\/div>\n\t\t\t\t<div class=\"elementor-element elementor-element-d0bd2fc elementor-widget elementor-widget-text-editor\" data-id=\"d0bd2fc\" data-element_type=\"widget\" data-widget_type=\"text-editor.default\">\n\t\t\t\t<div class=\"elementor-widget-container\">\n\t\t\t\t\t\t\t<p>Ota rohkeasti yhteytt\u00e4 s\u00e4hk\u00f6postitse tai k\u00e4yt\u00e4 yhteydenottolomakettamme. Odotamme innolla yhteydenottoasi!<\/p>\n\t\t\t\t\t\t<\/div>\n\t\t\t\t<\/div>\n\t\t\t\t<div class=\"elementor-element elementor-element-a3e86b7 elementor-widget elementor-widget-heading\" data-id=\"a3e86b7\" data-element_type=\"widget\" data-widget_type=\"heading.default\">\n\t\t\t\t<div class=\"elementor-widget-container\">\n\t\t\t<h5 class=\"elementor-heading-title elementor-size-default\">Osoite:<\/h5>\t\t<\/div>\n\t\t\t\t<\/div>\n\t\t\t\t<div class=\"elementor-element elementor-element-dc3ee1e elementor-widget elementor-widget-text-editor\" data-id=\"dc3ee1e\" data-element_type=\"widget\" data-widget_type=\"text-editor.default\">\n\t\t\t\t<div class=\"elementor-widget-container\">\n\t\t\t\t\t\t\t<p>It\u00e4merisopimuksen varainhankintas\u00e4\u00e4ti\u00f6 Malmg\u00e5rdsv\u00e4gen 63 116 38 Tukholma<\/p>\n\t\t\t\t\t\t<\/div>\n\t\t\t\t<\/div>\n\t\t\t\t<div class=\"elementor-element elementor-element-c8c769f elementor-widget elementor-widget-heading\" data-id=\"c8c769f\" data-element_type=\"widget\" data-widget_type=\"heading.default\">\n\t\t\t\t<div class=\"elementor-widget-container\">\n\t\t\t<h5 class=\"elementor-heading-title elementor-size-default\">S\u00e4hk\u00f6postiosoite:<\/h5>\t\t<\/div>\n\t\t\t\t<\/div>\n\t\t\t\t<div class=\"elementor-element elementor-element-d93bfdb elementor-widget elementor-widget-text-editor\" data-id=\"d93bfdb\" data-element_type=\"widget\" data-widget_type=\"text-editor.default\">\n\t\t\t\t<div class=\"elementor-widget-container\">\n\t\t\t\t\t\t\t<p><a href=\"mailto:info@ostersjokontraktet.se\" style=\"color:#1C3F8C;\">info@ostersjokontraktet.se<\/a><\/p>\n\t\t\t\t\t\t<\/div>\n\t\t\t\t<\/div>\n\t\t\t\t<\/div>\n\t\t<div class=\"elementor-element elementor-element-00abff5 e-con-full e-flex e-con e-child\" data-id=\"00abff5\" data-element_type=\"container\" data-settings=\"{&quot;background_background&quot;:&quot;classic&quot;}\">\n\t\t\t\t<div class=\"elementor-element elementor-element-7bc1f1c elementor-button-align-stretch elementor-widget elementor-widget-twbb_form\" data-id=\"7bc1f1c\" data-element_type=\"widget\" data-settings=\"{&quot;step_next_label&quot;:&quot;N\\u00e4sta&quot;,&quot;step_previous_label&quot;:&quot;F\\u00f6reg\\u00e5ende&quot;,&quot;button_width&quot;:&quot;100&quot;,&quot;step_type&quot;:&quot;number_text&quot;,&quot;step_icon_shape&quot;:&quot;circle&quot;}\" data-widget_type=\"twbb_form.default\">\n\t\t\t\t<div class=\"elementor-widget-container\">\n\t\t\t\t\t<form class=\"elementor-form\" method=\"post\" name=\"Kontaktformul\u00e4r\">\n\t\t\t<input type=\"hidden\" name=\"post_id\" value=\"1336\"\/>\n\t\t\t<input type=\"hidden\" name=\"form_id\" value=\"7bc1f1c\"\/>\n\t\t\t<input type=\"hidden\" name=\"referer_title\" value=\"\u00d6stersj\u00f6kontraktet\" \/>\n\n\t\t\t\n\t\t\t<div class=\"elementor-form-fields-wrapper elementor-labels-above\">\n\t\t\t\t\t\t\t\t<div class=\"elementor-field-type-text elementor-field-group elementor-column elementor-field-group-name elementor-col-100\">\n\t\t\t\t\t\t\t\t\t\t\t\t\t<input size=\"1\" type=\"text\" name=\"form_fields[name]\" id=\"form-field-name\" class=\"elementor-field elementor-size-sm  elementor-field-textual\" placeholder=\"Namn\">\n\t\t\t\t\t\t\t\t\t\t\t<\/div>\n\t\t\t\t\t\t\t\t<div class=\"elementor-field-type-email elementor-field-group elementor-column elementor-field-group-email elementor-col-100 elementor-field-required\">\n\t\t\t\t\t\t\t\t\t\t\t\t\t<input size=\"1\" type=\"email\" name=\"form_fields[email]\" id=\"form-field-email\" class=\"elementor-field elementor-size-sm  elementor-field-textual\" placeholder=\"Mailadress\" required=\"required\" aria-required=\"true\">\n\t\t\t\t\t\t\t\t\t\t\t<\/div>\n\t\t\t\t\t\t\t\t<div class=\"elementor-field-type-text elementor-field-group elementor-column elementor-field-group-field_41c0710 elementor-col-100 elementor-field-required\">\n\t\t\t\t\t\t\t\t\t\t\t\t\t<input size=\"1\" type=\"text\" name=\"form_fields[field_41c0710]\" id=\"form-field-field_41c0710\" class=\"elementor-field elementor-size-sm  elementor-field-textual\" placeholder=\"\u00c4mne\" required=\"required\" aria-required=\"true\">\n\t\t\t\t\t\t\t\t\t\t\t<\/div>\n\t\t\t\t\t\t\t\t<div class=\"elementor-field-type-textarea elementor-field-group elementor-column elementor-field-group-message elementor-col-100\">\n\t\t\t\t\t<textarea class=\"elementor-field-textual elementor-field  elementor-size-sm\" name=\"form_fields[message]\" id=\"form-field-message\" rows=\"4\" placeholder=\"Ditt meddelande\"><\/textarea>\t\t\t\t<\/div>\n\t\t\t\t\t\t\t\t<div class=\"elementor-field-group elementor-column elementor-field-type-submit elementor-col-100 e-form__buttons\">\n\t\t\t\t\t<button type=\"submit\" class=\"elementor-button elementor-size-sm\">\n\t\t\t\t\t\t<span >\n\t\t\t\t\t\t\t\t\t\t\t\t\t\t\t<span class=\" elementor-button-icon\">\n\t\t\t\t\t\t\t\t\t\t\t\t\t\t\t\t\t\t\t\t\t\t\t\t\t\t<\/span>\n\t\t\t\t\t\t\t\t\t\t\t\t\t\t\t\t\t\t\t\t\t\t<span class=\"elementor-button-text\">Skicka meddelande<\/span>\n\t\t\t\t\t\t\t\t\t\t\t\t\t<\/span>\n\t\t\t\t\t<\/button>\n          <button type=\"reset\" class=\"elementor-button elementor-hidden elementor-size-sm\">\n\t\t\t\t\t\t<span >\n\t\t\t\t\t\t\t              \t\t\t\t\t\t<\/span>\n          <\/button>\n\t\t\t\t<\/div>\n            \t\t\t<\/div>\n\t\t<\/form>\n\t\t\t\t<\/div>\n\t\t\t\t<\/div>\n\t\t\t\t<\/div>\n\t\t\t\t<\/div>\n\t\t\t\t<\/div>\n\t\t\t\t\t<\/div>\n\t\t\t\t<\/div>\n\t\t\t\t<\/div>\n\t\t","protected":false},"excerpt":{"rendered":"<p>Onko sinulla kysytt\u00e4v\u00e4\u00e4? Ota rohkeasti yhteytt\u00e4 s\u00e4hk\u00f6postitse tai k\u00e4yt\u00e4 yhteydenottolomakettamme. Odotamme innolla yhteydenottoasi! Osoite: It\u00e4merisopimuksen varainhankintas\u00e4\u00e4ti\u00f6 Malmg\u00e5rdsv\u00e4gen 63 116 38 Tukholma S\u00e4hk\u00f6postiosoite: info@ostersjokontraktet.se<\/p>\n","protected":false},"author":0,"featured_media":0,"parent":0,"menu_order":0,"comment_status":"closed","ping_status":"publish","template":"","meta":{"footnotes":""},"class_list":["post-1336","page","type-page","status-publish","hentry"],"yoast_head":"<!-- This site is optimized with the Yoast SEO plugin v27.2 - https:\/\/yoast.com\/product\/yoast-seo-wordpress\/ -->\n<title>Ota yhteytt\u00e4 - \u00d6stersj\u00f6kontraktet<\/title>\n<meta name=\"robots\" content=\"index, follow, max-snippet:-1, max-image-preview:large, max-video-preview:-1\" \/>\n<link rel=\"canonical\" href=\"https:\/\/www.ostersjokontraktet.se\/fi\/ota-yhteytta\/\" \/>\n<meta property=\"og:locale\" content=\"fi_FI\" \/>\n<meta property=\"og:type\" content=\"article\" \/>\n<meta property=\"og:title\" content=\"Ota yhteytt\u00e4 - \u00d6stersj\u00f6kontraktet\" \/>\n<meta property=\"og:description\" content=\"Onko sinulla kysytt\u00e4v\u00e4\u00e4? Ota rohkeasti yhteytt\u00e4 s\u00e4hk\u00f6postitse tai k\u00e4yt\u00e4 yhteydenottolomakettamme. Odotamme innolla yhteydenottoasi! Osoite: It\u00e4merisopimuksen varainhankintas\u00e4\u00e4ti\u00f6 Malmg\u00e5rdsv\u00e4gen 63 116 38 Tukholma S\u00e4hk\u00f6postiosoite: info@ostersjokontraktet.se\" \/>\n<meta property=\"og:url\" content=\"https:\/\/www.ostersjokontraktet.se\/fi\/ota-yhteytta\/\" \/>\n<meta property=\"og:site_name\" content=\"\u00d6stersj\u00f6kontraktet\" \/>\n<meta property=\"article:modified_time\" content=\"2025-02-19T07:58:09+00:00\" \/>\n<meta name=\"twitter:card\" content=\"summary_large_image\" \/>\n<script type=\"application\/ld+json\" class=\"yoast-schema-graph\">{\"@context\":\"https:\/\/schema.org\",\"@graph\":[{\"@type\":\"WebPage\",\"@id\":\"https:\/\/www.ostersjokontraktet.se\/fi\/ota-yhteytta\/\",\"url\":\"https:\/\/www.ostersjokontraktet.se\/fi\/ota-yhteytta\/\",\"name\":\"Ota yhteytt\u00e4 - \u00d6stersj\u00f6kontraktet\",\"isPartOf\":{\"@id\":\"https:\/\/www.ostersjokontraktet.se\/fi\/#website\"},\"datePublished\":\"2023-12-19T11:26:45+00:00\",\"dateModified\":\"2025-02-19T07:58:09+00:00\",\"breadcrumb\":{\"@id\":\"https:\/\/www.ostersjokontraktet.se\/fi\/ota-yhteytta\/#breadcrumb\"},\"inLanguage\":\"fi\",\"potentialAction\":[{\"@type\":\"ReadAction\",\"target\":[\"https:\/\/www.ostersjokontraktet.se\/fi\/ota-yhteytta\/\"]}]},{\"@type\":\"BreadcrumbList\",\"@id\":\"https:\/\/www.ostersjokontraktet.se\/fi\/ota-yhteytta\/#breadcrumb\",\"itemListElement\":[{\"@type\":\"ListItem\",\"position\":1,\"name\":\"Home\",\"item\":\"https:\/\/www.ostersjokontraktet.se\/fi\/etusivu\/\"},{\"@type\":\"ListItem\",\"position\":2,\"name\":\"Ota yhteytt\u00e4\"}]},{\"@type\":\"WebSite\",\"@id\":\"https:\/\/www.ostersjokontraktet.se\/fi\/#website\",\"url\":\"https:\/\/www.ostersjokontraktet.se\/fi\/\",\"name\":\"\u00d6stersj\u00f6kontraktet\",\"description\":\"\",\"publisher\":{\"@id\":\"https:\/\/www.ostersjokontraktet.se\/fi\/#organization\"},\"potentialAction\":[{\"@type\":\"SearchAction\",\"target\":{\"@type\":\"EntryPoint\",\"urlTemplate\":\"https:\/\/www.ostersjokontraktet.se\/fi\/?s={search_term_string}\"},\"query-input\":{\"@type\":\"PropertyValueSpecification\",\"valueRequired\":true,\"valueName\":\"search_term_string\"}}],\"inLanguage\":\"fi\"},{\"@type\":\"Organization\",\"@id\":\"https:\/\/www.ostersjokontraktet.se\/fi\/#organization\",\"name\":\"\u00d6stersj\u00f6kontraktet\",\"url\":\"https:\/\/www.ostersjokontraktet.se\/fi\/\",\"logo\":{\"@type\":\"ImageObject\",\"inLanguage\":\"fi\",\"@id\":\"https:\/\/www.ostersjokontraktet.se\/fi\/#\/schema\/logo\/image\/\",\"url\":\"https:\/\/www.ostersjokontraktet.se\/wp-content\/uploads\/2023\/12\/cropped-Ostersjokontraktet_primar-logga_CMYK.png\",\"contentUrl\":\"https:\/\/www.ostersjokontraktet.se\/wp-content\/uploads\/2023\/12\/cropped-Ostersjokontraktet_primar-logga_CMYK.png\",\"width\":1000,\"height\":707,\"caption\":\"\u00d6stersj\u00f6kontraktet\"},\"image\":{\"@id\":\"https:\/\/www.ostersjokontraktet.se\/fi\/#\/schema\/logo\/image\/\"}}]}<\/script>\n<!-- \/ Yoast SEO plugin. -->","yoast_head_json":{"title":"Ota yhteytt\u00e4 - \u00d6stersj\u00f6kontraktet","robots":{"index":"index","follow":"follow","max-snippet":"max-snippet:-1","max-image-preview":"max-image-preview:large","max-video-preview":"max-video-preview:-1"},"canonical":"https:\/\/www.ostersjokontraktet.se\/fi\/ota-yhteytta\/","og_locale":"fi_FI","og_type":"article","og_title":"Ota yhteytt\u00e4 - \u00d6stersj\u00f6kontraktet","og_description":"Onko sinulla kysytt\u00e4v\u00e4\u00e4? Ota rohkeasti yhteytt\u00e4 s\u00e4hk\u00f6postitse tai k\u00e4yt\u00e4 yhteydenottolomakettamme. Odotamme innolla yhteydenottoasi! Osoite: It\u00e4merisopimuksen varainhankintas\u00e4\u00e4ti\u00f6 Malmg\u00e5rdsv\u00e4gen 63 116 38 Tukholma S\u00e4hk\u00f6postiosoite: info@ostersjokontraktet.se","og_url":"https:\/\/www.ostersjokontraktet.se\/fi\/ota-yhteytta\/","og_site_name":"\u00d6stersj\u00f6kontraktet","article_modified_time":"2025-02-19T07:58:09+00:00","twitter_card":"summary_large_image","schema":{"@context":"https:\/\/schema.org","@graph":[{"@type":"WebPage","@id":"https:\/\/www.ostersjokontraktet.se\/fi\/ota-yhteytta\/","url":"https:\/\/www.ostersjokontraktet.se\/fi\/ota-yhteytta\/","name":"Ota yhteytt\u00e4 - \u00d6stersj\u00f6kontraktet","isPartOf":{"@id":"https:\/\/www.ostersjokontraktet.se\/fi\/#website"},"datePublished":"2023-12-19T11:26:45+00:00","dateModified":"2025-02-19T07:58:09+00:00","breadcrumb":{"@id":"https:\/\/www.ostersjokontraktet.se\/fi\/ota-yhteytta\/#breadcrumb"},"inLanguage":"fi","potentialAction":[{"@type":"ReadAction","target":["https:\/\/www.ostersjokontraktet.se\/fi\/ota-yhteytta\/"]}]},{"@type":"BreadcrumbList","@id":"https:\/\/www.ostersjokontraktet.se\/fi\/ota-yhteytta\/#breadcrumb","itemListElement":[{"@type":"ListItem","position":1,"name":"Home","item":"https:\/\/www.ostersjokontraktet.se\/fi\/etusivu\/"},{"@type":"ListItem","position":2,"name":"Ota yhteytt\u00e4"}]},{"@type":"WebSite","@id":"https:\/\/www.ostersjokontraktet.se\/fi\/#website","url":"https:\/\/www.ostersjokontraktet.se\/fi\/","name":"\u00d6stersj\u00f6kontraktet","description":"","publisher":{"@id":"https:\/\/www.ostersjokontraktet.se\/fi\/#organization"},"potentialAction":[{"@type":"SearchAction","target":{"@type":"EntryPoint","urlTemplate":"https:\/\/www.ostersjokontraktet.se\/fi\/?s={search_term_string}"},"query-input":{"@type":"PropertyValueSpecification","valueRequired":true,"valueName":"search_term_string"}}],"inLanguage":"fi"},{"@type":"Organization","@id":"https:\/\/www.ostersjokontraktet.se\/fi\/#organization","name":"\u00d6stersj\u00f6kontraktet","url":"https:\/\/www.ostersjokontraktet.se\/fi\/","logo":{"@type":"ImageObject","inLanguage":"fi","@id":"https:\/\/www.ostersjokontraktet.se\/fi\/#\/schema\/logo\/image\/","url":"https:\/\/www.ostersjokontraktet.se\/wp-content\/uploads\/2023\/12\/cropped-Ostersjokontraktet_primar-logga_CMYK.png","contentUrl":"https:\/\/www.ostersjokontraktet.se\/wp-content\/uploads\/2023\/12\/cropped-Ostersjokontraktet_primar-logga_CMYK.png","width":1000,"height":707,"caption":"\u00d6stersj\u00f6kontraktet"},"image":{"@id":"https:\/\/www.ostersjokontraktet.se\/fi\/#\/schema\/logo\/image\/"}}]}},"_links":{"self":[{"href":"https:\/\/www.ostersjokontraktet.se\/fi\/wp-json\/wp\/v2\/pages\/1336","targetHints":{"allow":["GET"]}}],"collection":[{"href":"https:\/\/www.ostersjokontraktet.se\/fi\/wp-json\/wp\/v2\/pages"}],"about":[{"href":"https:\/\/www.ostersjokontraktet.se\/fi\/wp-json\/wp\/v2\/types\/page"}],"replies":[{"embeddable":true,"href":"https:\/\/www.ostersjokontraktet.se\/fi\/wp-json\/wp\/v2\/comments?post=1336"}],"version-history":[{"count":10,"href":"https:\/\/www.ostersjokontraktet.se\/fi\/wp-json\/wp\/v2\/pages\/1336\/revisions"}],"predecessor-version":[{"id":2786,"href":"https:\/\/www.ostersjokontraktet.se\/fi\/wp-json\/wp\/v2\/pages\/1336\/revisions\/2786"}],"wp:attachment":[{"href":"https:\/\/www.ostersjokontraktet.se\/fi\/wp-json\/wp\/v2\/media?parent=1336"}],"curies":[{"name":"wp","href":"https:\/\/api.w.org\/{rel}","templated":true}]}}